{"id":2568,"date":"2015-05-05T13:19:36","date_gmt":"2015-05-05T13:19:36","guid":{"rendered":"http:\/\/foylecup.com\/?page_id=2568"},"modified":"2015-05-05T13:19:36","modified_gmt":"2015-05-05T13:19:36","slug":"arts-and-culture","status":"publish","type":"page","link":"https:\/\/foylecup.com\/?page_id=2568","title":{"rendered":"Arts and Culture"},"content":{"rendered":"<p>&nbsp;<\/p>\n<table id=\"dnn_ctr869_TIDISearchView_divResults\" cellspacing=\"0\" cellpadding=\"0\">\n<tbody>\n<tr>\n<td colspan=\"2\">\n<table class=\"searchresults\" cellspacing=\"2\" cellpadding=\"4\">\n<tbody>\n<tr valign=\"top\">\n<td class=\"Normal\"><a href=\"http:\/\/www.derryvisitor.com\/P3225-The-Verbal-Arts-Centre-Londonderry-Derry.aspx\"><img loading=\"lazy\" decoding=\"async\" src=\"http:\/\/www.discovernorthernireland.com\/image.aspx?ImageID=114477&amp;width=120&amp;height=90\" alt=\"\" width=\"120\" height=\"90\" \/><\/a><\/td>\n<td class=\"Normal\">\n<h4><a href=\"http:\/\/www.derryvisitor.com\/P3225-The-Verbal-Arts-Centre-Londonderry-Derry.aspx\">The Verbal Arts Centre<\/a><\/h4>\n<p><strong>Londonderry\/Derry<\/strong><br \/>\nThe Verbal Arts Centre is Ireland\u2019s only centre devoted to literature and the language arts. Integrated within the building are a number of arts and crafts pieces including works by Louis Le Brocquy and John Behan<\/td>\n<\/tr>\n<tr valign=\"top\">\n<td class=\"Normal\"><a href=\"http:\/\/www.derryvisitor.com\/P3224-The-Nerve-Centre-Londonderry-Derry.aspx\"><img loading=\"lazy\" decoding=\"async\" src=\"http:\/\/www.discovernorthernireland.com\/image.aspx?ImageID=13875&amp;width=120&amp;height=90\" alt=\"\" width=\"120\" height=\"90\" \/><\/a><\/td>\n<td class=\"Normal\">\n<h4><a href=\"http:\/\/www.derryvisitor.com\/P3224-The-Nerve-Centre-Londonderry-Derry.aspx\">The Nerve Centre<\/a><\/h4>\n<p><strong>Londonderry\/Derry<\/strong><br \/>\nThe Nerve Centre has been described as &#8216;One of the most dynamic and innovative multi-media centres in the British Isles&#8217;. The Oscar nominated centre is housed in a new state of the art building .<\/td>\n<\/tr>\n<tr valign=\"top\">\n<td class=\"Normal\"><a href=\"http:\/\/www.derryvisitor.com\/P651-The-Playhouse-Londonderry-Derry.aspx\"><img loading=\"lazy\" decoding=\"async\" src=\"http:\/\/www.discovernorthernireland.com\/image.aspx?ImageID=89765&amp;width=120&amp;height=90\" alt=\"\" width=\"120\" height=\"90\" \/><\/a><\/td>\n<td class=\"Normal\">\n<h4><a href=\"http:\/\/www.derryvisitor.com\/P651-The-Playhouse-Londonderry-Derry.aspx\">The Playhouse<\/a><\/h4>\n<p><strong>Londonderry\/Derry<\/strong><br \/>\nAward winning Community Art Centre featuring year round programming of local, national and international Theatre, Dance, Visual Arts, Education and Outreach, and Art Resources. Admission charges will apply to performances held at the venue.<\/td>\n<\/tr>\n<tr valign=\"top\">\n<td class=\"Normal\"><a href=\"http:\/\/www.derryvisitor.com\/P11666-The-Peoples-Gallery-Bogside-Artists-Bogside-Murals-Londonderry-Derry.aspx\"><img loading=\"lazy\" decoding=\"async\" src=\"http:\/\/www.discovernorthernireland.com\/image.aspx?ImageID=133808&amp;width=120&amp;height=90\" alt=\"\" width=\"120\" height=\"90\" \/><\/a><\/td>\n<td class=\"Normal\">\n<h4><a href=\"http:\/\/www.derryvisitor.com\/P11666-The-Peoples-Gallery-Bogside-Artists-Bogside-Murals-Londonderry-Derry.aspx\">The People&#8217;s Gallery &#8211; Bogside Artists (Bogside Murals)<\/a><\/h4>\n<p><strong>Londonderry\/Derry<\/strong><br \/>\nThe Bogside Artists\u00ae are the sole creators of the world famous People&#8217;s Gallery\u00ae in the Bogside area of Derry in the North of Ireland. The twelve large scale murals are a main visitor attraction in the city.<\/td>\n<\/tr>\n<tr valign=\"top\">\n<td class=\"Normal\"><a href=\"http:\/\/www.derryvisitor.com\/P575-Millennium-Forum-Londonderry-Derry.aspx\"><img loading=\"lazy\" decoding=\"async\" src=\"http:\/\/www.discovernorthernireland.com\/image.aspx?ImageID=16399&amp;width=120&amp;height=90\" alt=\"\" width=\"120\" height=\"90\" \/><\/a><\/td>\n<td class=\"Normal\">\n<h4><a href=\"http:\/\/www.derryvisitor.com\/P575-Millennium-Forum-Londonderry-Derry.aspx\">Millennium Forum<\/a><\/h4>\n<p><strong>Londonderry\/Derry<\/strong><br \/>\nBuilt just inside the walled area on Newmarket Street is the Millennium Forum, opened in 2001. The first purpose built theatre in the city it has seating for 1000 and has the largest theatre stage in Ireland.<\/td>\n<\/tr>\n<tr valign=\"top\">\n<td class=\"Normal\"><a href=\"http:\/\/www.derryvisitor.com\/P14496-The-Alley-Arts-and-Conference-Centre-Strabane.aspx\"><img loading=\"lazy\" decoding=\"async\" src=\"http:\/\/www.discovernorthernireland.com\/image.aspx?ImageID=62705&amp;width=120&amp;height=90\" alt=\"\" width=\"120\" height=\"90\" \/><\/a><\/td>\n<td class=\"Normal\">\n<h4><a href=\"http:\/\/www.derryvisitor.com\/P14496-The-Alley-Arts-and-Conference-Centre-Strabane.aspx\">The Alley Arts and Conference Centre<\/a><\/h4>\n<p><strong>Strabane<\/strong><br \/>\nThe Alley Arts and Conference Centre is an award winning theatre complex, art gallery, tourist information centre and conference venue, situated in the heart of beautiful Strabane, County Tyrone and located on the gateway to County Donegal.<\/td>\n<\/tr>\n<tr valign=\"top\">\n<td class=\"Normal\"><a href=\"http:\/\/www.derryvisitor.com\/P15421-Cultrlann-U-Chanin-Londonderry-Derry.aspx\"><img loading=\"lazy\" decoding=\"async\" src=\"http:\/\/www.discovernorthernireland.com\/image.aspx?ImageID=70259&amp;width=120&amp;height=90\" alt=\"\" width=\"120\" height=\"90\" \/><\/a><\/td>\n<td class=\"Normal\">\n<h4><a href=\"http:\/\/www.derryvisitor.com\/P15421-Cultrlann-U-Chanin-Londonderry-Derry.aspx\">Cult\u00farlann U\u00ed Chan\u00e1in<\/a><\/h4>\n<p><strong>Londonderry\/Derry<\/strong><br \/>\nCult\u00farlann U\u00ed Chan\u00e1in is a purpose-built Irish language, cultural and enterprise centre based in the Walled City&#8217;s historic Great James Street area. Facilities include a theatre, arts centre, conference centre, caf\u00e9 and Irish language book shop.<\/td>\n<\/tr>\n<tr valign=\"top\">\n<td class=\"Normal\"><a href=\"http:\/\/www.derryvisitor.com\/P32410-Portrait-of-a-City-Londonderry-Derry.aspx\"><img loading=\"lazy\" decoding=\"async\" src=\"http:\/\/www.discovernorthernireland.com\/image.aspx?ImageID=130399&amp;width=120&amp;height=90\" alt=\"\" width=\"120\" height=\"90\" \/><\/a><\/td>\n<td class=\"Normal\">\n<h4><a href=\"http:\/\/www.derryvisitor.com\/P32410-Portrait-of-a-City-Londonderry-Derry.aspx\">Portrait of a City<\/a><\/h4>\n<p><strong>Londonderry\/Derry<\/strong><br \/>\nPortrait of a city, in association with B.T wants to create one of the largest community archives ever compiled for the people of Derry\/Londonderry, providing a valuable digital archive of visual heritage and bestowing a rich digital legacy for the future.<\/td>\n<\/tr>\n<tr valign=\"top\">\n<td class=\"Normal\"><a href=\"http:\/\/www.derryvisitor.com\/P32385-Christ-Church-Londonderry-Derry.aspx\"><img loading=\"lazy\" decoding=\"async\" src=\"http:\/\/www.discovernorthernireland.com\/image.aspx?ImageID=130365&amp;width=120&amp;height=90\" alt=\"\" width=\"120\" height=\"90\" \/><\/a><\/td>\n<td class=\"Normal\">\n<h4><a href=\"http:\/\/www.derryvisitor.com\/P32385-Christ-Church-Londonderry-Derry.aspx\">Christ Church<\/a><\/h4>\n<p><strong>Londonderry\/Derry<\/strong><br \/>\nBishop Knox built this Neo-Gothic Church (known as a &#8216;Free Church&#8217;) to the design of John Ferguson in 1830. The church was extended in 1881, however it was destroyed by a fire in the 1990s but refitted in 2000.<\/td>\n<\/tr>\n<tr valign=\"top\">\n<td class=\"Normal\"><a href=\"http:\/\/www.derryvisitor.com\/P11665-St-Columbs-Hall-Londonderry-Derry.aspx\"><img loading=\"lazy\" decoding=\"async\" src=\"http:\/\/www.discovernorthernireland.com\/image.aspx?ImageID=132692&amp;width=120&amp;height=90\" alt=\"\" width=\"120\" height=\"90\" \/><\/a><\/td>\n<td class=\"Normal\">\n<h4><a href=\"http:\/\/www.derryvisitor.com\/P11665-St-Columbs-Hall-Londonderry-Derry.aspx\">St Columb&#8217;s Hall<\/a><\/h4>\n<p><strong>Londonderry\/Derry<\/strong><br \/>\nSt Columb&#8217;s Hall was built in 1886, this architecturally stunning building is situated in the heart of the city next to Derry&#8217;s city walls. During 2013 this historic listed building will under go major refurbishment to convert the space into a multi-purpose facility yet retaining the venue&#8217;s original character.<\/td>\n<\/tr>\n<tr valign=\"top\">\n<td class=\"Normal\"><a href=\"http:\/\/www.derryvisitor.com\/P7896-Gasyard-Heritage-Centre-Londonderry-Derry.aspx\"><img loading=\"lazy\" decoding=\"async\" src=\"http:\/\/www.discovernorthernireland.com\/image.aspx?ImageID=13869&amp;width=120&amp;height=90\" alt=\"\" width=\"120\" height=\"90\" \/><\/a><\/td>\n<td class=\"Normal\">\n<h4><a href=\"http:\/\/www.derryvisitor.com\/P7896-Gasyard-Heritage-Centre-Londonderry-Derry.aspx\">Gasyard Heritage Centre<\/a><\/h4>\n<p><strong>Londonderry\/Derry<\/strong><br \/>\nThe Gasyard Heritage Centre incorporates a number of exhibitions including the Story of the Prisons exhibition which chronicles the story of the 1980 and 1981 Hunger Strikes and the wider story of the hundreds of political prisoners from Derry who were incarcerated during the political conflict.<\/td>\n<\/tr>\n<tr valign=\"top\">\n<td class=\"Normal\"><a href=\"http:\/\/www.derryvisitor.com\/P32879-The-Canopy-In-The-Village-Square-Londonderry-Derry.aspx\"><img loading=\"lazy\" decoding=\"async\" src=\"http:\/\/www.discovernorthernireland.com\/image.aspx?ImageID=131085&amp;width=120&amp;height=90\" alt=\"\" width=\"120\" height=\"90\" \/><\/a><\/td>\n<td class=\"Normal\">\n<h4><a href=\"http:\/\/www.derryvisitor.com\/P32879-The-Canopy-In-The-Village-Square-Londonderry-Derry.aspx\">The Canopy In The Village Square<\/a><\/h4>\n<p><strong>Londonderry\/Derry<\/strong><br \/>\nAn attraction in its own right for both visitors and locals, The Canopy in the Village Square, situate in The Craft Village, is a multipurpose, flexible outdoor performance space, creating a new cultural venue in the heart of the city.<\/td>\n<\/tr>\n<tr valign=\"top\">\n<td class=\"Normal\"><a href=\"http:\/\/www.derryvisitor.com\/P9720-Waterside-Theatre-Londonderry-Derry.aspx\"><img loading=\"lazy\" decoding=\"async\" src=\"http:\/\/www.discovernorthernireland.com\/image.aspx?ImageID=87075&amp;width=120&amp;height=90\" alt=\"\" width=\"120\" height=\"90\" \/><\/a><\/td>\n<td class=\"Normal\">\n<h4><a href=\"http:\/\/www.derryvisitor.com\/P9720-Waterside-Theatre-Londonderry-Derry.aspx\">Waterside Theatre<\/a><\/h4>\n<p><strong>Londonderry\/Derry<\/strong><br \/>\nHoused within a beautifully converted old factory, the theatre programmes a range of quality arts and entertainment throughout the year such as drama, dance, comedy, live music and children&#8217;s theatre.<\/td>\n<\/tr>\n<tr valign=\"top\">\n<td class=\"Normal\"><a href=\"http:\/\/www.derryvisitor.com\/P5861-McKinney-Academy-Of-Irish-Dance-Londonderry-Derry.aspx\"><img loading=\"lazy\" decoding=\"async\" src=\"http:\/\/www.discovernorthernireland.com\/image.aspx?ImageID=77310&amp;width=120&amp;height=90\" alt=\"\" width=\"120\" height=\"90\" \/><\/a><\/td>\n<td class=\"Normal\">\n<h4><a href=\"http:\/\/www.derryvisitor.com\/P5861-McKinney-Academy-Of-Irish-Dance-Londonderry-Derry.aspx\">McKinney Academy Of Irish Dance<\/a><\/h4>\n<p><strong>Londonderry\/Derry<\/strong><br \/>\nWhy not entertain your visitors\/guests to an informal ceili evening of music, song or dance? The Academy takes bookings for performances at weddings, parties, group functions etc. Also Irish dancing classes for competition or pleasure.<\/td>\n<\/tr>\n<tr valign=\"top\">\n<td class=\"Normal\"><a href=\"http:\/\/www.derryvisitor.com\/P10498-Gordon-Gallery-Londonderry-Derry.aspx\"><img loading=\"lazy\" decoding=\"async\" src=\"http:\/\/www.discovernorthernireland.com\/image.aspx?ImageID=33173&amp;width=120&amp;height=90\" alt=\"\" width=\"120\" height=\"90\" \/><\/a><\/td>\n<td class=\"Normal\">\n<h4><a href=\"http:\/\/www.derryvisitor.com\/P10498-Gordon-Gallery-Londonderry-Derry.aspx\">Gordon Gallery<\/a><\/h4>\n<p><strong>Londonderry\/Derry<\/strong><br \/>\nThe Gordon Gallery has been associated with visual art in Derry since c1860 and exhibits work of contemporary, mostly Irish artists with national and international reputations.<\/td>\n<\/tr>\n<tr valign=\"top\">\n<td class=\"Normal\"><a href=\"http:\/\/www.derryvisitor.com\/P16410-Echo-Echo-Dance-Londonderry-Derry.aspx\"><img loading=\"lazy\" decoding=\"async\" src=\"http:\/\/www.discovernorthernireland.com\/image.aspx?ImageID=75830&amp;width=120&amp;height=90\" alt=\"\" width=\"120\" height=\"90\" \/><\/a><\/td>\n<td class=\"Normal\">\n<h4><a href=\"http:\/\/www.derryvisitor.com\/P16410-Echo-Echo-Dance-Londonderry-Derry.aspx\">Echo Echo Dance<\/a><\/h4>\n<p><strong>Londonderry\/Derry<\/strong><br \/>\nEcho Echo Dance Theatre Company has established itself as Northern Ireland\u2019s leading dance company and a key influence in the development of dance and dance theatre in Ireland.<\/td>\n<\/tr>\n<tr valign=\"top\">\n<td class=\"Normal\"><a href=\"http:\/\/www.derryvisitor.com\/P31518-Sollus-Cultural-Promotions-Strabane.aspx\"><img loading=\"lazy\" decoding=\"async\" src=\"http:\/\/www.discovernorthernireland.com\/image.aspx?ImageID=128972&amp;width=120&amp;height=90\" alt=\"\" width=\"120\" height=\"90\" \/><\/a><\/td>\n<td class=\"Normal\">\n<h4><a href=\"http:\/\/www.derryvisitor.com\/P31518-Sollus-Cultural-Promotions-Strabane.aspx\">Sollus Cultural Promotions<\/a><\/h4>\n<p><strong>Strabane<\/strong><br \/>\nA company, created from various traditional and performing arts groups. The company has a collection of freelance artists.<\/td>\n<\/tr>\n<tr valign=\"top\">\n<td class=\"Normal\"><a href=\"http:\/\/www.derryvisitor.com\/P9721-VOID-Londonderry-Derry.aspx\"><img loading=\"lazy\" decoding=\"async\" src=\"http:\/\/www.discovernorthernireland.com\/image.aspx?ImageID=24816&amp;width=120&amp;height=90\" alt=\"\" width=\"120\" height=\"90\" \/><\/a><\/td>\n<td class=\"Normal\">\n<h4><a href=\"http:\/\/www.derryvisitor.com\/P9721-VOID-Londonderry-Derry.aspx\">VOID<\/a><\/h4>\n<p><strong>Londonderry\/Derry<\/strong><br \/>\nVoid Art Centre is an artist led space consisting of two large galleries, six artist studios, an education area, a conference room and cafe. Void&#8217;s remit is to exhibit the work of contemporary International and Irish established artists.<\/td>\n<\/tr>\n<tr valign=\"top\">\n<td class=\"Normal\"><a href=\"http:\/\/www.derryvisitor.com\/P21025-Strule-Arts-Centre-Omagh.aspx\"><img loading=\"lazy\" decoding=\"async\" src=\"http:\/\/www.discovernorthernireland.com\/image.aspx?ImageID=100236&amp;width=120&amp;height=90\" alt=\"\" width=\"120\" height=\"90\" \/><\/a><\/td>\n<td class=\"Normal\">\n<h4><a href=\"http:\/\/www.derryvisitor.com\/P21025-Strule-Arts-Centre-Omagh.aspx\">Strule Arts Centre<\/a><\/h4>\n<p><strong>Omagh<\/strong><br \/>\nStrule Arts Centre is situated in the heart of Omagh, County Tyrone. Strule houses, nurtures and presents a hive of vibrant artistic flair, offering creative outlets and opportunities for local, national and international talent.<\/td>\n<\/tr>\n<tr valign=\"top\">\n<td class=\"Normal\"><a href=\"http:\/\/www.derryvisitor.com\/P15242-Cafe-del-Mondo-Londonderry-Derry.aspx\"><img loading=\"lazy\" decoding=\"async\" src=\"http:\/\/www.discovernorthernireland.com\/image.aspx?ImageID=113346&amp;width=120&amp;height=90\" alt=\"\" width=\"120\" height=\"90\" \/><\/a><\/td>\n<td class=\"Normal\">\n<h4><a href=\"http:\/\/www.derryvisitor.com\/P15242-Cafe-del-Mondo-Londonderry-Derry.aspx\">Cafe del Mondo<\/a><\/h4>\n<p><strong>Londonderry\/Derry<\/strong><br \/>\nCafe del Mondo is located in the 19th century square of Derry&#8217;s charming Craft Village in between lower Shipquay Street and Magazine Street.<\/td>\n<\/tr>\n<tr valign=\"top\">\n<td class=\"Normal\"><a href=\"http:\/\/www.derryvisitor.com\/P32625-City-Hotel-Visual-Arts-Competition-Londonderry-Derry.aspx\"><img loading=\"lazy\" decoding=\"async\" src=\"http:\/\/www.discovernorthernireland.com\/image.aspx?ImageID=130655&amp;width=120&amp;height=90\" alt=\"\" width=\"120\" height=\"90\" \/><\/a><\/td>\n<td class=\"Normal\">\n<h4><a href=\"http:\/\/www.derryvisitor.com\/P32625-City-Hotel-Visual-Arts-Competition-Londonderry-Derry.aspx\">City Hotel Visual Arts Competition<\/a><\/h4>\n<p><strong>Londonderry\/Derry<\/strong><br \/>\nCity Hotel have partnered with The Void Gallery, School Employer Connections and Culture Company 2013 to create a unique and exciting opportunity for A Level Art Students within the Derry City Council area. All art works will be displayed at a special exhibition open to the public and free of charge at The Void Gallery, Patrick Street on 29th and 30th June 2012. Judging will take place on Friday, 29th June at 2pm. All post primary schools within the Derry City Council area have been invited to select two pieces of art to represent their school in the competition.<\/td>\n<\/tr>\n<tr valign=\"top\">\n<td class=\"Normal\"><a href=\"http:\/\/www.derryvisitor.com\/P24819-Cascade-Gallery-Londonderry-Derry.aspx\"><img loading=\"lazy\" decoding=\"async\" src=\"http:\/\/www.discovernorthernireland.com\/image.aspx?ImageID=114304&amp;width=120&amp;height=90\" alt=\"\" width=\"120\" height=\"90\" \/><\/a><\/td>\n<td class=\"Normal\">\n<h4><a href=\"http:\/\/www.derryvisitor.com\/P24819-Cascade-Gallery-Londonderry-Derry.aspx\">Cascade Gallery<\/a><\/h4>\n<p><strong>Londonderry\/Derry<\/strong><br \/>\nOpened in September 2009, Cascade Gallery based within the Waterside Theatre is a commercial gallery for artists with over 32 metres of hanging space.<\/td>\n<\/tr>\n<tr valign=\"top\">\n<td class=\"Normal\"><a href=\"http:\/\/www.derryvisitor.com\/P33100-Liz-Bolloten-Watercolour-Artist-Londonderry-Derry.aspx\"><img loading=\"lazy\" decoding=\"async\" src=\"http:\/\/www.discovernorthernireland.com\/image.aspx?ImageID=131314&amp;width=120&amp;height=90\" alt=\"\" width=\"120\" height=\"90\" \/><\/a><\/td>\n<td class=\"Normal\">\n<h4><a href=\"http:\/\/www.derryvisitor.com\/P33100-Liz-Bolloten-Watercolour-Artist-Londonderry-Derry.aspx\">Liz Bolloten Watercolour Artist<\/a><\/h4>\n<p><strong>Londonderry\/Derry<\/strong><br \/>\nLiz is a watercolour artist based between Ireland and Wales. She produces original works of art, limited edition prints and postcards.<\/td>\n<\/tr>\n<tr valign=\"top\">\n<td class=\"Normal\"><a href=\"http:\/\/www.derryvisitor.com\/P14800-Centre-for-Contemporary-Art-DerryLondonderry-Londonderry-Derry.aspx\"><img loading=\"lazy\" decoding=\"async\" src=\"http:\/\/www.discovernorthernireland.com\/image.aspx?ImageID=128435&amp;width=120&amp;height=90\" alt=\"\" width=\"120\" height=\"90\" \/><\/a><\/td>\n<td class=\"Normal\">\n<h4><a href=\"http:\/\/www.derryvisitor.com\/P14800-Centre-for-Contemporary-Art-DerryLondonderry-Londonderry-Derry.aspx\">Centre for Contemporary Art Derry~Londonderry<\/a><\/h4>\n<p><strong>Londonderry\/Derry<\/strong><br \/>\nCentre for Contemporary Art Derry~Londonderry fosters a wide range of artistic, curatorial and critical practices through five interrelated streams: on-site exhibitions, off-site projects, public programmes, editions, and in- and outbound residencies<\/td>\n<\/tr>\n<tr valign=\"top\">\n<td class=\"Normal\"><a href=\"http:\/\/www.derryvisitor.com\/P7902-City-of-Derry-Crystal-Londonderry-Derry.aspx\"><img loading=\"lazy\" decoding=\"async\" src=\"http:\/\/www.discovernorthernireland.com\/image.aspx?ImageID=13879&amp;width=120&amp;height=90\" alt=\"\" width=\"120\" height=\"90\" \/><\/a><\/td>\n<td class=\"Normal\">\n<h4><a href=\"http:\/\/www.derryvisitor.com\/P7902-City-of-Derry-Crystal-Londonderry-Derry.aspx\">City of Derry Crystal<\/a><\/h4>\n<p><strong>Londonderry\/Derry<\/strong><br \/>\nProducers of the finest quality, traditional hand cut glass crystal \u2013 see our cutters at work \u2013 personalise your gift with names \u2013 your family, coat of arms or have it printed in full colour with your family history while you wait.<\/td>\n<\/tr>\n<\/tbody>\n<\/table>\n<\/td>\n<\/tr>\n<\/tbody>\n<\/table>\n","protected":false},"excerpt":{"rendered":"<p>&nbsp; The Verbal Arts Centre Londonderry\/Derry The Verbal Arts Centre is Ireland\u2019s only centre devoted to literature and the language arts. Integrated within the building <\/p>\n","protected":false},"author":1,"featured_media":0,"parent":0,"menu_order":0,"comment_status":"open","ping_status":"open","template":"","meta":{"_acf_changed":false,"footnotes":""},"class_list":["post-2568","page","type-page","status-publish","hentry"],"acf":[],"jetpack_sharing_enabled":true,"_links":{"self":[{"href":"https:\/\/foylecup.com\/index.php?rest_route=\/wp\/v2\/pages\/2568","targetHints":{"allow":["GET"]}}],"collection":[{"href":"https:\/\/foylecup.com\/index.php?rest_route=\/wp\/v2\/pages"}],"about":[{"href":"https:\/\/foylecup.com\/index.php?rest_route=\/wp\/v2\/types\/page"}],"author":[{"embeddable":true,"href":"https:\/\/foylecup.com\/index.php?rest_route=\/wp\/v2\/users\/1"}],"replies":[{"embeddable":true,"href":"https:\/\/foylecup.com\/index.php?rest_route=%2Fwp%2Fv2%2Fcomments&post=2568"}],"version-history":[{"count":1,"href":"https:\/\/foylecup.com\/index.php?rest_route=\/wp\/v2\/pages\/2568\/revisions"}],"predecessor-version":[{"id":2569,"href":"https:\/\/foylecup.com\/index.php?rest_route=\/wp\/v2\/pages\/2568\/revisions\/2569"}],"wp:attachment":[{"href":"https:\/\/foylecup.com\/index.php?rest_route=%2Fwp%2Fv2%2Fmedia&parent=2568"}],"curies":[{"name":"wp","href":"https:\/\/api.w.org\/{rel}","templated":true}]}}